{"id":13624,"date":"2018-12-21T17:54:57","date_gmt":"2018-12-21T14:54:57","guid":{"rendered":"https:\/\/www.sosyalprofesyoneller.com\/instagram-reklamlari\/"},"modified":"2021-10-31T17:15:26","modified_gmt":"2021-10-31T14:15:26","slug":"instagram-ads","status":"publish","type":"page","link":"https:\/\/www.sosyalprofesyoneller.com\/en\/instagram-ads\/","title":{"rendered":"Instagram Ads"},"content":{"rendered":"<div class=\"wpb-content-wrapper\"><p>[vc_row css_animation=&#8221;fadeInLeft&#8221; css=&#8221;.vc_custom_1552300919928{padding-bottom: 10px !important;}&#8221;][vc_column width=&#8221;1\/2&#8243;][vc_column_text]<\/p>\r\n<h2><strong>Advertising on Instagram<\/strong><\/h2>\r\n<p><strong style=\"font-size: 22px;\">First, you need to create a campaign on Facebook.<\/strong><\/p>\r\n<p>Just like Facebook, Instagram is a channel that allows you to identify a pinpoint target audience by applying various filters. In addition to that, it is worth noting that the Instagram user base is more dynamic, more prone to retail purchases and more vivacious. The selection of images suitable for your target audience and the right advertising strategy are extremely important for the success of Instagram ads. We support creative visual and video designs with our competent copywriters. And the result is an <strong>Instagram Advertising Campaign<\/strong> that will bring you profit.<\/p>\r\n<p>[\/vc_column_text][\/vc_column][vc_column width=&#8221;1\/2&#8243;][vc_single_image image=&#8221;13448&#8243; img_size=&#8221;500&#215;412&#8243;][\/vc_column][\/vc_row][vc_row css_animation=&#8221;fadeInLeft&#8221; bg_type=&#8221;grad&#8221; bg_override=&#8221;ex-full&#8221; css=&#8221;.vc_custom_1551974462366{padding-bottom: 10px !important;}&#8221; bg_grad=&#8221;background: -webkit-gradient(linear, left top, left bottom, color-stop(0%, #EC615D), color-stop(100%, #260633));background: -moz-linear-gradient(left,#EC615D 0%,#260633 100%);background: -webkit-linear-gradient(left,#EC615D 0%,#260633 100%);background: -o-linear-gradient(left,#EC615D 0%,#260633 100%);background: -ms-linear-gradient(left,#EC615D 0%,#260633 100%);background: linear-gradient(left,#EC615D 0%,#260633 100%);&#8221;][vc_column]<div id=\"ultimate-heading-645669f25c4118873\" class=\"uvc-heading ult-adjust-bottom-margin ultimate-heading-645669f25c4118873 uvc-8530  uvc-heading-default-font-sizes\" data-hspacer=\"no_spacer\"  data-halign=\"center\" style=\"text-align:center\"><div class=\"uvc-heading-spacer no_spacer\" style=\"top\"><\/div><div class=\"uvc-main-heading ult-responsive\"  data-ultimate-target='.uvc-heading.ultimate-heading-645669f25c4118873 h2'  data-responsive-json-new='{\"font-size\":\"\",\"line-height\":\"\"}' ><h2 style=\"--font-weight:theme;color:#ffffff;\">Getting Efficiency from Instagram Ads<\/h2><\/div><\/div>[\/vc_column][\/vc_row][vc_row css_animation=&#8221;fadeInLeft&#8221; css=&#8221;.vc_custom_1552300919928{padding-bottom: 10px !important;}&#8221;][vc_column][vc_column_text]<\/p>\r\n<p>&nbsp;<\/p>\r\n<div class=\"wp-block-columns has-2-columns\">\r\n<div class=\"wp-block-column is-layout-flow wp-block-column-is-layout-flow\">\r\n<blockquote class=\"wp-block-quote is-layout-flow wp-block-quote-is-layout-flow\">\r\n<p>Instagram is a channel where visuals dominate. Whether it&#8217;s visual design or video content, content is extraordinarily important to <strong>Instagram Ads<\/strong>. Next in this order of importance comes technical optimizations.<\/p>\r\n<p>&nbsp;<\/p>\r\n<\/blockquote>\r\n<p><br \/><\/p>\r\n<div class=\"wp-block-spacer\" style=\"height: 20px;\" aria-hidden=\"true\">\u00a0<\/div>\r\n<p><\/p>\r\n<\/div>\r\n<p><br \/><\/p>\r\n<div class=\"wp-block-column is-layout-flow wp-block-column-is-layout-flow\">\r\n<blockquote class=\"wp-block-quote is-layout-flow wp-block-quote-is-layout-flow\">\r\n<p>If you do not optimize well, your Instagram ads may be displayed to irrelevant people. And you wouldn&#8217;t want that to happen.<\/p>\r\n<p>&nbsp;<\/p>\r\n<\/blockquote>\r\n<p><br \/><\/p>\r\n<div class=\"wp-block-spacer\" style=\"height: 20px;\" aria-hidden=\"true\">\u00a0<\/div>\r\n<p><\/p>\r\n<\/div>\r\n<p><\/p>\r\n<\/div>\r\n<p><!-- \/wp:columns -->\u00a0<\/p>\r\n<!-- wp:columns -->\r\n<div class=\"wp-block-columns has-2-columns\"><!-- wp:column -->\r\n<div class=\"wp-block-column\"><!-- wp:quote -->\r\n<blockquote class=\"wp-block-quote\">\r\n<p>As Social Professionals, we identify your target audience for <strong>Instagram Ads<\/strong>, optimize your campaign settings, and plan content production tailored for both your audience and Instagram as a channel.<\/p>\r\n<p>&nbsp;<\/p>\r\n<\/blockquote>\r\n<p><!-- \/wp:quote --><br \/><!-- wp:spacer {\"height\":20} --><\/p>\r\n<div class=\"wp-block-spacer\" style=\"height: 20px;\" aria-hidden=\"true\">\u00a0<\/div>\r\n<p><!-- \/wp:spacer --><\/p>\r\n<\/div>\r\n<p><!-- \/wp:column --><br \/><!-- wp:column --><\/p>\r\n<div class=\"wp-block-column\"><!-- wp:quote -->\r\n<blockquote class=\"wp-block-quote\">\r\n<p>We support talented visual and video designs with our competent copywriters. And the result is an Instagram Advertising Campaign that will bring you profit.<\/p>\r\n<p>&nbsp;<\/p>\r\n<\/blockquote>\r\n<p><!-- \/wp:quote --><br \/><!-- wp:spacer {\"height\":20} --><\/p>\r\n<div class=\"wp-block-spacer\" style=\"height: 20px;\" aria-hidden=\"true\">\u00a0<\/div>\r\n<\/div>\r\n<\/div>\r\n<p>[\/vc_column_text][\/vc_column][\/vc_row][vc_row css_animation=&#8221;fadeInLeft&#8221; bg_type=&#8221;grad&#8221; bg_override=&#8221;ex-full&#8221; css=&#8221;.vc_custom_1551974462366{padding-bottom: 10px !important;}&#8221; bg_grad=&#8221;background: -webkit-gradient(linear, left top, left bottom, color-stop(0%, #EC615D), color-stop(100%, #260633));background: -moz-linear-gradient(left,#EC615D 0%,#260633 100%);background: -webkit-linear-gradient(left,#EC615D 0%,#260633 100%);background: -o-linear-gradient(left,#EC615D 0%,#260633 100%);background: -ms-linear-gradient(left,#EC615D 0%,#260633 100%);background: linear-gradient(left,#EC615D 0%,#260633 100%);&#8221;][vc_column][vc_row_inner content_placement=&#8221;middle&#8221; css=&#8221;.vc_custom_1551976151003{margin-right: 0px !important;margin-left: 0px !important;padding-top: 30px !important;background-color: #ffffff !important;}&#8221;][vc_column_inner css=&#8221;.vc_custom_1518010677040{padding-bottom: 30px !important;}&#8221; offset=&#8221;vc_col-lg-4 vc_col-md-12&#8243;]<div id=\"ultimate-heading-350969f25c411896c\" class=\"uvc-heading ult-adjust-bottom-margin ultimate-heading-350969f25c411896c uvc-1917 accent-title-color\" data-hspacer=\"no_spacer\"  data-halign=\"center\" style=\"text-align:center\"><div class=\"uvc-heading-spacer no_spacer\" style=\"top\"><\/div><div class=\"uvc-main-heading ult-responsive\"  data-ultimate-target='.uvc-heading.ultimate-heading-350969f25c411896c h2'  data-responsive-json-new='{\"font-size\":\"desktop:30px;mobile_landscape:20px;\",\"line-height\":\"desktop:36px;mobile_landscape:26px;\"}' ><h2 style=\"font-weight:bold;color:rgba(255,255,255,0.65);\">Use the Digital World<\/h2><\/div><div class=\"uvc-sub-heading ult-responsive\"  data-ultimate-target='.uvc-heading.ultimate-heading-350969f25c411896c .uvc-sub-heading '  data-responsive-json-new='{\"font-size\":\"desktop:58px;mobile_landscape:40px;\",\"line-height\":\"desktop:64px;mobile_landscape:46px;\"}'  style=\"font-weight:bold;color:#333333;\"><\/p>\r\n<p>Increase Your Turnover!<\/p>\r\n<p><\/div><\/div>[\/vc_column_inner][vc_column_inner width=&#8221;1\/2&#8243; css=&#8221;.vc_custom_1518010696595{padding-bottom: 30px !important;}&#8221; offset=&#8221;vc_col-lg-4 vc_col-md-6 vc_col-xs-12&#8243;]<style type=\"text\/css\" data-type=\"the7_shortcodes-inline-css\">#default-btn-bae788fd48db5167cc70ca6f5734ff7a.ico-right-side > i {\n  margin-right: 0px;\n  margin-left: 8px;\n}\n#default-btn-bae788fd48db5167cc70ca6f5734ff7a > i {\n  margin-right: 8px;\n}\n<\/style><div class=\"btn-align-center\"><a href=\"https:\/\/www.sosyalprofesyoneller.com\/en\/contact\/\" class=\"default-btn-shortcode dt-btn dt-btn-l link-hover-off anchor-link \" id=\"default-btn-bae788fd48db5167cc70ca6f5734ff7a\" title=\"Contact\"><i class=\"fas fa-comments\"><\/i><span>Contact Us!<\/span><\/a><\/div>[\/vc_column_inner][vc_column_inner width=&#8221;1\/2&#8243; css=&#8221;.vc_custom_1518010687333{padding-bottom: 30px !important;}&#8221; offset=&#8221;vc_col-lg-4 vc_col-md-6 vc_col-xs-12&#8243;]<div id=\"ultimate-heading-135869f25c4118cc9\" class=\"uvc-heading ult-adjust-bottom-margin ultimate-heading-135869f25c4118cc9 uvc-2713 accent-title-color dt-phone\" data-hspacer=\"no_spacer\"  data-halign=\"center\" style=\"text-align:center\"><div class=\"uvc-heading-spacer no_spacer\" style=\"top\"><\/div><div class=\"uvc-main-heading ult-responsive\"  data-ultimate-target='.uvc-heading.ultimate-heading-135869f25c4118cc9 h2'  data-responsive-json-new='{\"font-size\":\"desktop:20px;\",\"line-height\":\"desktop:30px;\"}' ><h2 style=\"font-weight:bold;\">Telephone<\/h2><\/div><div class=\"uvc-sub-heading ult-responsive\"  data-ultimate-target='.uvc-heading.ultimate-heading-135869f25c4118cc9 .uvc-sub-heading '  data-responsive-json-new='{\"font-size\":\"desktop:32px;mobile_landscape:24px;\",\"line-height\":\"desktop:42px;mobile_landscape:34px;\"}'  style=\"font-weight:bold;color:#333333;\"><\/p>\r\n<p><i class=\"fas fa-mobile-alt\"><\/i>+90 532 680 23 53<\/p>\r\n<p><\/div><\/div>[\/vc_column_inner][\/vc_row_inner][\/vc_column][\/vc_row]<\/p><\/div>","protected":false},"excerpt":{"rendered":"<p>[vc_row css_animation=&#8221;fadeInLeft&#8221; css=&#8221;.vc_custom_1552300919928{padding-bottom: 10px !important;}&#8221;][vc_column width=&#8221;1\/2&#8243;][vc_column_text] Advertising on Instagram First, you need to create a campaign on Facebook. Just like Facebook, Instagram is a channel that allows you to identify a pinpoint target audience by applying various filters. In addition to that, it is worth noting that the Instagram user base is more dynamic, more&hellip;<\/p>\n","protected":false},"author":1,"featured_media":0,"parent":0,"menu_order":20,"comment_status":"closed","ping_status":"closed","template":"","meta":{"footnotes":""},"class_list":["post-13624","page","type-page","status-publish","hentry","description-off"],"yoast_head":"<!-- This site is optimized with the Yoast SEO plugin v25.6 - https:\/\/yoast.com\/wordpress\/plugins\/seo\/ -->\n<title>Instagram Reklamlar\u0131 | Sosyal Profesyoneller<\/title>\n<meta name=\"description\" content=\"Sosyal Profesyoneller olarak Instagram Reklamlar\u0131 konusunda hedef kitlenizi belirliyor, kampanya ayarlar\u0131n\u0131z\u0131 optimize ediyor, hem kitlenize hem de Instagram mecras\u0131na bi\u00e7ilmi\u015f kaftan i\u00e7erik \u00fcretimi planl\u0131yoruz.\" \/>\n<meta name=\"robots\" content=\"index, follow, max-snippet:-1, max-image-preview:large, max-video-preview:-1\" \/>\n<link rel=\"canonical\" href=\"https:\/\/www.sosyalprofesyoneller.com\/en\/instagram-ads\/\" \/>\n<meta property=\"og:locale\" content=\"en_US\" \/>\n<meta property=\"og:type\" content=\"article\" \/>\n<meta property=\"og:title\" content=\"Instagram Reklamlar\u0131 | Sosyal Profesyoneller\" \/>\n<meta property=\"og:description\" content=\"Sosyal Profesyoneller olarak Instagram Reklamlar\u0131 konusunda hedef kitlenizi belirliyor, kampanya ayarlar\u0131n\u0131z\u0131 optimize ediyor, hem kitlenize hem de Instagram mecras\u0131na bi\u00e7ilmi\u015f kaftan i\u00e7erik \u00fcretimi planl\u0131yoruz.\" \/>\n<meta property=\"og:url\" content=\"https:\/\/www.sosyalprofesyoneller.com\/en\/instagram-ads\/\" \/>\n<meta property=\"og:site_name\" content=\"Sosyal Profesyoneller\" \/>\n<meta property=\"article:modified_time\" content=\"2021-10-31T14:15:26+00:00\" \/>\n<meta name=\"twitter:card\" content=\"summary_large_image\" \/>\n<meta name=\"twitter:label1\" content=\"Est. reading time\" \/>\n\t<meta name=\"twitter:data1\" content=\"2 minutes\" \/>\n<script type=\"application\/ld+json\" class=\"yoast-schema-graph\">{\"@context\":\"https:\/\/schema.org\",\"@graph\":[{\"@type\":\"WebPage\",\"@id\":\"https:\/\/www.sosyalprofesyoneller.com\/en\/instagram-ads\/\",\"url\":\"https:\/\/www.sosyalprofesyoneller.com\/en\/instagram-ads\/\",\"name\":\"Instagram Reklamlar\u0131 | Sosyal Profesyoneller\",\"isPartOf\":{\"@id\":\"https:\/\/www.sosyalprofesyoneller.com\/#website\"},\"datePublished\":\"2018-12-21T14:54:57+00:00\",\"dateModified\":\"2021-10-31T14:15:26+00:00\",\"description\":\"Sosyal Profesyoneller olarak Instagram Reklamlar\u0131 konusunda hedef kitlenizi belirliyor, kampanya ayarlar\u0131n\u0131z\u0131 optimize ediyor, hem kitlenize hem de Instagram mecras\u0131na bi\u00e7ilmi\u015f kaftan i\u00e7erik \u00fcretimi planl\u0131yoruz.\",\"breadcrumb\":{\"@id\":\"https:\/\/www.sosyalprofesyoneller.com\/en\/instagram-ads\/#breadcrumb\"},\"inLanguage\":\"en-US\",\"potentialAction\":[{\"@type\":\"ReadAction\",\"target\":[\"https:\/\/www.sosyalprofesyoneller.com\/en\/instagram-ads\/\"]}]},{\"@type\":\"BreadcrumbList\",\"@id\":\"https:\/\/www.sosyalprofesyoneller.com\/en\/instagram-ads\/#breadcrumb\",\"itemListElement\":[{\"@type\":\"ListItem\",\"position\":1,\"name\":\"Ana sayfa\",\"item\":\"https:\/\/www.sosyalprofesyoneller.com\/en\/\"},{\"@type\":\"ListItem\",\"position\":2,\"name\":\"Instagram Ads\"}]},{\"@type\":\"WebSite\",\"@id\":\"https:\/\/www.sosyalprofesyoneller.com\/#website\",\"url\":\"https:\/\/www.sosyalprofesyoneller.com\/\",\"name\":\"Sosyal Profesyoneller\",\"description\":\"Profesyonellere Ait \u0130tibar Y\u00f6netimi \u00c7\u00f6z\u00fcmleri\",\"potentialAction\":[{\"@type\":\"SearchAction\",\"target\":{\"@type\":\"EntryPoint\",\"urlTemplate\":\"https:\/\/www.sosyalprofesyoneller.com\/?s={search_term_string}\"},\"query-input\":{\"@type\":\"PropertyValueSpecification\",\"valueRequired\":true,\"valueName\":\"search_term_string\"}}],\"inLanguage\":\"en-US\"}]}<\/script>\n<!-- \/ Yoast SEO plugin. -->","yoast_head_json":{"title":"Instagram Reklamlar\u0131 | Sosyal Profesyoneller","description":"Sosyal Profesyoneller olarak Instagram Reklamlar\u0131 konusunda hedef kitlenizi belirliyor, kampanya ayarlar\u0131n\u0131z\u0131 optimize ediyor, hem kitlenize hem de Instagram mecras\u0131na bi\u00e7ilmi\u015f kaftan i\u00e7erik \u00fcretimi planl\u0131yoruz.","robots":{"index":"index","follow":"follow","max-snippet":"max-snippet:-1","max-image-preview":"max-image-preview:large","max-video-preview":"max-video-preview:-1"},"canonical":"https:\/\/www.sosyalprofesyoneller.com\/en\/instagram-ads\/","og_locale":"en_US","og_type":"article","og_title":"Instagram Reklamlar\u0131 | Sosyal Profesyoneller","og_description":"Sosyal Profesyoneller olarak Instagram Reklamlar\u0131 konusunda hedef kitlenizi belirliyor, kampanya ayarlar\u0131n\u0131z\u0131 optimize ediyor, hem kitlenize hem de Instagram mecras\u0131na bi\u00e7ilmi\u015f kaftan i\u00e7erik \u00fcretimi planl\u0131yoruz.","og_url":"https:\/\/www.sosyalprofesyoneller.com\/en\/instagram-ads\/","og_site_name":"Sosyal Profesyoneller","article_modified_time":"2021-10-31T14:15:26+00:00","twitter_card":"summary_large_image","twitter_misc":{"Est. reading time":"2 minutes"},"schema":{"@context":"https:\/\/schema.org","@graph":[{"@type":"WebPage","@id":"https:\/\/www.sosyalprofesyoneller.com\/en\/instagram-ads\/","url":"https:\/\/www.sosyalprofesyoneller.com\/en\/instagram-ads\/","name":"Instagram Reklamlar\u0131 | Sosyal Profesyoneller","isPartOf":{"@id":"https:\/\/www.sosyalprofesyoneller.com\/#website"},"datePublished":"2018-12-21T14:54:57+00:00","dateModified":"2021-10-31T14:15:26+00:00","description":"Sosyal Profesyoneller olarak Instagram Reklamlar\u0131 konusunda hedef kitlenizi belirliyor, kampanya ayarlar\u0131n\u0131z\u0131 optimize ediyor, hem kitlenize hem de Instagram mecras\u0131na bi\u00e7ilmi\u015f kaftan i\u00e7erik \u00fcretimi planl\u0131yoruz.","breadcrumb":{"@id":"https:\/\/www.sosyalprofesyoneller.com\/en\/instagram-ads\/#breadcrumb"},"inLanguage":"en-US","potentialAction":[{"@type":"ReadAction","target":["https:\/\/www.sosyalprofesyoneller.com\/en\/instagram-ads\/"]}]},{"@type":"BreadcrumbList","@id":"https:\/\/www.sosyalprofesyoneller.com\/en\/instagram-ads\/#breadcrumb","itemListElement":[{"@type":"ListItem","position":1,"name":"Ana sayfa","item":"https:\/\/www.sosyalprofesyoneller.com\/en\/"},{"@type":"ListItem","position":2,"name":"Instagram Ads"}]},{"@type":"WebSite","@id":"https:\/\/www.sosyalprofesyoneller.com\/#website","url":"https:\/\/www.sosyalprofesyoneller.com\/","name":"Sosyal Profesyoneller","description":"Profesyonellere Ait \u0130tibar Y\u00f6netimi \u00c7\u00f6z\u00fcmleri","potentialAction":[{"@type":"SearchAction","target":{"@type":"EntryPoint","urlTemplate":"https:\/\/www.sosyalprofesyoneller.com\/?s={search_term_string}"},"query-input":{"@type":"PropertyValueSpecification","valueRequired":true,"valueName":"search_term_string"}}],"inLanguage":"en-US"}]}},"_links":{"self":[{"href":"https:\/\/www.sosyalprofesyoneller.com\/en\/wp-json\/wp\/v2\/pages\/13624"}],"collection":[{"href":"https:\/\/www.sosyalprofesyoneller.com\/en\/wp-json\/wp\/v2\/pages"}],"about":[{"href":"https:\/\/www.sosyalprofesyoneller.com\/en\/wp-json\/wp\/v2\/types\/page"}],"author":[{"embeddable":true,"href":"https:\/\/www.sosyalprofesyoneller.com\/en\/wp-json\/wp\/v2\/users\/1"}],"replies":[{"embeddable":true,"href":"https:\/\/www.sosyalprofesyoneller.com\/en\/wp-json\/wp\/v2\/comments?post=13624"}],"version-history":[{"count":5,"href":"https:\/\/www.sosyalprofesyoneller.com\/en\/wp-json\/wp\/v2\/pages\/13624\/revisions"}],"predecessor-version":[{"id":13797,"href":"https:\/\/www.sosyalprofesyoneller.com\/en\/wp-json\/wp\/v2\/pages\/13624\/revisions\/13797"}],"wp:attachment":[{"href":"https:\/\/www.sosyalprofesyoneller.com\/en\/wp-json\/wp\/v2\/media?parent=13624"}],"curies":[{"name":"wp","href":"https:\/\/api.w.org\/{rel}","templated":true}]}}