{"id":13620,"date":"2016-08-06T08:06:30","date_gmt":"2016-08-06T07:06:30","guid":{"rendered":"https:\/\/www.sosyalprofesyoneller.com\/cagri-merkezi\/"},"modified":"2021-10-31T18:03:20","modified_gmt":"2021-10-31T15:03:20","slug":"call-centre","status":"publish","type":"page","link":"https:\/\/www.sosyalprofesyoneller.com\/en\/call-centre\/","title":{"rendered":"Call Centre"},"content":{"rendered":"<div class=\"wpb-content-wrapper\"><p>[vc_row equal_height=&#8221;yes&#8221; content_placement=&#8221;middle&#8221; margin_top=&#8221;5&#8243; margin_bottom=&#8221;10&#8243; type=&#8221;vc_default&#8221; css=&#8221;.vc_custom_1476026573339{padding-top: 70px !important;padding-bottom: 25px !important;}&#8221;][vc_column css_animation=&#8221;fadeInLeft&#8221; offset=&#8221;vc_col-lg-6 vc_col-md-6 vc_col-xs-12&#8243; css=&#8221;.vc_custom_1552381342416{padding-bottom: 50px !important;}&#8221;][vc_single_image image=&#8221;13461&#8243; img_size=&#8221;900&#215;600&#8243;][\/vc_column][vc_column css_animation=&#8221;fadeInRight&#8221; offset=&#8221;vc_col-lg-6 vc_col-md-6 vc_col-xs-12&#8243; css=&#8221;.vc_custom_1552381352384{padding-bottom: 50px !important;}&#8221;]<div id=\"ultimate-heading-362769f2678917e2b\" class=\"uvc-heading ult-adjust-bottom-margin ultimate-heading-362769f2678917e2b uvc-6777 color-title\" data-hspacer=\"no_spacer\"  data-halign=\"left\" style=\"text-align:left\"><div class=\"uvc-heading-spacer no_spacer\" style=\"top\"><\/div><div class=\"uvc-main-heading ult-responsive\"  data-ultimate-target='.uvc-heading.ultimate-heading-362769f2678917e2b h2'  data-responsive-json-new='{\"font-size\":\"desktop:30px;\",\"line-height\":\"desktop:40px;\"}' ><h2 style=\"font-weight:bold;margin-bottom:25px;\">Call Centre Service<\/h2><\/div><div class=\"uvc-sub-heading ult-responsive\"  data-ultimate-target='.uvc-heading.ultimate-heading-362769f2678917e2b .uvc-sub-heading '  data-responsive-json-new='{\"font-size\":\"desktop:18px;\",\"line-height\":\"desktop:28px;\"}'  style=\"font-weight:bold;\">Being accessible to your customers in the digital world is extremely important.<\/div><\/div>[vc_column_text css=&#8221;.vc_custom_1635033958685{padding-top: 30px !important;}&#8221;]<\/p>\n<p style=\"margin: 0cm; margin-bottom: .0001pt; background: white;\"><span style=\"font-family: 'Arial','sans-serif'; color: black;\">Although digital communication is important, sometimes it cannot replace direct communication. This puts the marketing of the more traditional <strong>Call Centre Service<\/strong> in an important position.<\/span><\/p>\n<p>[\/vc_column_text][\/vc_column][\/vc_row][vc_row full_width=&#8221;stretch_row&#8221; css_animation=&#8221;fadeInLeft&#8221; bg_type=&#8221;grad&#8221; bg_grad=&#8221;background: -webkit-gradient(linear, left top, left bottom, color-stop(0%, #EC615D), color-stop(100%, #260633));background: -moz-linear-gradient(left,#EC615D 0%,#260633 100%);background: -webkit-linear-gradient(left,#EC615D 0%,#260633 100%);background: -o-linear-gradient(left,#EC615D 0%,#260633 100%);background: -ms-linear-gradient(left,#EC615D 0%,#260633 100%);background: linear-gradient(left,#EC615D 0%,#260633 100%);&#8221;][vc_column css_animation=&#8221;fadeInLeft&#8221;]<div id=\"ultimate-heading-535069f2678917f4a\" class=\"uvc-heading ult-adjust-bottom-margin ultimate-heading-535069f2678917f4a uvc-9677 \" data-hspacer=\"no_spacer\"  data-halign=\"left\" style=\"text-align:left\"><div class=\"uvc-heading-spacer no_spacer\" style=\"top\"><\/div><div class=\"uvc-main-heading ult-responsive\"  data-ultimate-target='.uvc-heading.ultimate-heading-535069f2678917f4a h2'  data-responsive-json-new='{\"font-size\":\"desktop:30px;\",\"line-height\":\"desktop:40px;\"}' ><h2 style=\"font-weight:bold;color:#ffffff;margin-bottom:30px;\">Call Centre Service &amp; Social Professionals<\/h2><\/div><\/div>[\/vc_column][\/vc_row][vc_row equal_height=&#8221;yes&#8221; content_placement=&#8221;middle&#8221; margin_top=&#8221;5&#8243; margin_bottom=&#8221;10&#8243; type=&#8221;vc_default&#8221; css=&#8221;.vc_custom_1476026383641{padding-top: 70px !important;padding-bottom: 25px !important;}&#8221;][vc_column css_animation=&#8221;fadeInLeft&#8221; css=&#8221;.vc_custom_1552381366623{padding-bottom: 50px !important;}&#8221; offset=&#8221;vc_col-lg-6 vc_col-md-6&#8243;]<div class=\"aio-icon-component  vc_custom_1635034009767  accent-icon-color style_1\"><div id=\"Info-box-wrap-6487\" class=\"aio-icon-box left-icon\" style=\"\"  ><div class=\"aio-icon-left\"><div class=\"ult-just-icon-wrapper  \"><div class=\"align-icon\" style=\"text-align:center;\">\n<div class=\"aio-icon none \"  style=\"font-size:40px;display:inline-block;\">\n\t<i class=\"icomoon-p7stroke-32x32-headphones\"><\/i>\n<\/div><\/div><\/div><\/div><div class=\"aio-ibd-block\"><div class=\"aio-icon-description ult-responsive\"  data-ultimate-target='#Info-box-wrap-6487 .aio-icon-description'  data-responsive-json-new='{\"font-size\":\"\",\"line-height\":\"\"}'  style=\"\">In order for the <strong>Call Centre<\/strong> operations to progress in a healthy way, various special software is required. Whether it is an inbound service where customers call you or an outbound service where you call customers, answering calls, recording calls, integration with complaint and order registration systems, telemarketing (sales over the phone) and similar issues are extremely important.<\/div> <!-- description --><\/div> <!-- aio-ibd-block --><\/div> <!-- aio-icon-box --><\/div> <!-- aio-icon-component --><div class=\"aio-icon-component  vc_custom_1635034039264  accent-icon-color style_1\"><div id=\"Info-box-wrap-9704\" class=\"aio-icon-box left-icon\" style=\"\"  ><div class=\"aio-icon-left\"><div class=\"ult-just-icon-wrapper  \"><div class=\"align-icon\" style=\"text-align:center;\">\n<div class=\"aio-icon none \"  style=\"font-size:40px;display:inline-block;\">\n\t<i class=\"icomoon-p7stroke-32x32-headphones\"><\/i>\n<\/div><\/div><\/div><\/div><div class=\"aio-ibd-block\"><div class=\"aio-icon-description ult-responsive\"  data-ultimate-target='#Info-box-wrap-9704 .aio-icon-description'  data-responsive-json-new='{\"font-size\":\"\",\"line-height\":\"\"}'  style=\"\">If you do not have a well-operating <strong>Call Centre<\/strong> system, you may soon face a decline in digital channels and then complaints and loss of prestige in your sales.<\/div> <!-- description --><\/div> <!-- aio-ibd-block --><\/div> <!-- aio-icon-box --><\/div> <!-- aio-icon-component --><div class=\"aio-icon-component  vc_custom_1635034083667  accent-icon-color style_1\"><div id=\"Info-box-wrap-1797\" class=\"aio-icon-box left-icon\" style=\"\"  ><div class=\"aio-icon-left\"><div class=\"ult-just-icon-wrapper  \"><div class=\"align-icon\" style=\"text-align:center;\">\n<div class=\"aio-icon none \"  style=\"font-size:40px;display:inline-block;\">\n\t<i class=\"icomoon-p7stroke-32x32-headphones\"><\/i>\n<\/div><\/div><\/div><\/div><div class=\"aio-ibd-block\"><div class=\"aio-icon-description ult-responsive\"  data-ultimate-target='#Info-box-wrap-1797 .aio-icon-description'  data-responsive-json-new='{\"font-size\":\"\",\"line-height\":\"\"}'  style=\"\">As Social Professionals, we combine our years of experience with <strong>Call Centre<\/strong> software products that have proven their technical superiority. Thus, you have a Call Centre system that functions flawlessly by itself, can intervene when necessary and fully meet your requests.<\/div> <!-- description --><\/div> <!-- aio-ibd-block --><\/div> <!-- aio-icon-box --><\/div> <!-- aio-icon-component -->[\/vc_column][vc_column css_animation=&#8221;fadeInRight&#8221; css=&#8221;.vc_custom_1552381374256{padding-bottom: 50px !important;}&#8221; offset=&#8221;vc_col-lg-6 vc_col-md-6 vc_hidden-sm vc_hidden-xs&#8221;][vc_single_image image=&#8221;13463&#8243; img_size=&#8221;900&#215;600&#8243;][\/vc_column][\/vc_row][vc_row full_width=&#8221;stretch_row&#8221; css_animation=&#8221;fadeInLeft&#8221; bg_type=&#8221;grad&#8221; bg_grad=&#8221;background: -webkit-gradient(linear, left top, left bottom, color-stop(0%, #EC615D), color-stop(100%, #260633));background: -moz-linear-gradient(left,#EC615D 0%,#260633 100%);background: -webkit-linear-gradient(left,#EC615D 0%,#260633 100%);background: -o-linear-gradient(left,#EC615D 0%,#260633 100%);background: -ms-linear-gradient(left,#EC615D 0%,#260633 100%);background: linear-gradient(left,#EC615D 0%,#260633 100%);&#8221;][vc_column css_animation=&#8221;fadeInLeft&#8221; width=&#8221;1\/2&#8243;][vc_single_image image=&#8221;13464&#8243; img_size=&#8221;900&#215;600&#8243;][\/vc_column][vc_column css_animation=&#8221;fadeInRight&#8221; width=&#8221;1\/2&#8243;][vc_empty_space]<div id=\"ultimate-heading-167869f2678918767\" class=\"uvc-heading ult-adjust-bottom-margin ultimate-heading-167869f2678918767 uvc-1266  uvc-heading-default-font-sizes\" data-hspacer=\"no_spacer\"  data-halign=\"left\" style=\"text-align:left\"><div class=\"uvc-heading-spacer no_spacer\" style=\"top\"><\/div><div class=\"uvc-main-heading ult-responsive\"  data-ultimate-target='.uvc-heading.ultimate-heading-167869f2678918767 h2'  data-responsive-json-new='{\"font-size\":\"\",\"line-height\":\"\"}' ><h2 style=\"--font-weight:theme;color:#ffffff;\">Call Centre Service<\/h2><\/div><\/div>[vc_empty_space]<div id=\"ultimate-heading-320669f2678918847\" class=\"uvc-heading ult-adjust-bottom-margin ultimate-heading-320669f2678918847 uvc-3334  uvc-heading-default-font-sizes\" data-hspacer=\"no_spacer\"  data-halign=\"left\" style=\"text-align:left\"><div class=\"uvc-heading-spacer no_spacer\" style=\"top\"><\/div><div class=\"uvc-main-heading ult-responsive\"  data-ultimate-target='.uvc-heading.ultimate-heading-320669f2678918847 h3'  data-responsive-json-new='{\"font-size\":\"\",\"line-height\":\"\"}' ><h3 style=\"--font-weight:theme;color:#ffffff;\">Our call centre services offer solutions such as Inbound (Incoming Call), that is, receiving calls from your customers, Order, Appointment, Complaint Records, and technical support. Our outbound (Outgoing Call) services, on the other hand, aim to alleviate the workload of your company through many flexible solutions such as outbound calls, telesales, market research &amp; surveys, customer satisfaction calls, etc.<\/h3><\/div><\/div>[vc_empty_space][\/vc_column][\/vc_row][vc_row css_animation=&#8221;fadeInLeft&#8221; bg_type=&#8221;grad&#8221; bg_override=&#8221;ex-full&#8221; css=&#8221;.vc_custom_1551974462366{padding-bottom: 10px !important;}&#8221; bg_grad=&#8221;background: -webkit-gradient(linear, left top, left bottom, color-stop(0%, #EC615D), color-stop(100%, #260633));background: -moz-linear-gradient(left,#EC615D 0%,#260633 100%);background: -webkit-linear-gradient(left,#EC615D 0%,#260633 100%);background: -o-linear-gradient(left,#EC615D 0%,#260633 100%);background: -ms-linear-gradient(left,#EC615D 0%,#260633 100%);background: linear-gradient(left,#EC615D 0%,#260633 100%);&#8221;][vc_column][vc_row_inner content_placement=&#8221;middle&#8221; css=&#8221;.vc_custom_1551976151003{margin-right: 0px !important;margin-left: 0px !important;padding-top: 30px !important;background-color: #ffffff !important;}&#8221;][vc_column_inner css=&#8221;.vc_custom_1518010677040{padding-bottom: 30px !important;}&#8221; offset=&#8221;vc_col-lg-4 vc_col-md-12&#8243;]<div id=\"ultimate-heading-167869f267891890b\" class=\"uvc-heading ult-adjust-bottom-margin ultimate-heading-167869f267891890b uvc-4039 accent-title-color\" data-hspacer=\"no_spacer\"  data-halign=\"center\" style=\"text-align:center\"><div class=\"uvc-heading-spacer no_spacer\" style=\"top\"><\/div><div class=\"uvc-main-heading ult-responsive\"  data-ultimate-target='.uvc-heading.ultimate-heading-167869f267891890b h2'  data-responsive-json-new='{\"font-size\":\"desktop:30px;mobile_landscape:20px;\",\"line-height\":\"desktop:36px;mobile_landscape:26px;\"}' ><h2 style=\"font-weight:bold;color:rgba(255,255,255,0.65);\">Use the Digital World<\/h2><\/div><div class=\"uvc-sub-heading ult-responsive\"  data-ultimate-target='.uvc-heading.ultimate-heading-167869f267891890b .uvc-sub-heading '  data-responsive-json-new='{\"font-size\":\"desktop:58px;mobile_landscape:40px;\",\"line-height\":\"desktop:64px;mobile_landscape:46px;\"}'  style=\"font-weight:bold;color:#333333;\">Increase Your Turnover!<\/div><\/div>[\/vc_column_inner][vc_column_inner width=&#8221;1\/2&#8243; css=&#8221;.vc_custom_1518010696595{padding-bottom: 30px !important;}&#8221; offset=&#8221;vc_col-lg-4 vc_col-md-6 vc_col-xs-12&#8243;]<style type=\"text\/css\" data-type=\"the7_shortcodes-inline-css\">#default-btn-bae788fd48db5167cc70ca6f5734ff7a.ico-right-side > i {\n  margin-right: 0px;\n  margin-left: 8px;\n}\n#default-btn-bae788fd48db5167cc70ca6f5734ff7a > i {\n  margin-right: 8px;\n}\n<\/style><div class=\"btn-align-center\"><a href=\"https:\/\/www.sosyalprofesyoneller.com\/en\/contact\/\" class=\"default-btn-shortcode dt-btn dt-btn-l link-hover-off anchor-link \" id=\"default-btn-bae788fd48db5167cc70ca6f5734ff7a\" title=\"Contact\"><i class=\"fas fa-comments\"><\/i><span>Contact Us!<\/span><\/a><\/div>[\/vc_column_inner][vc_column_inner width=&#8221;1\/2&#8243; css=&#8221;.vc_custom_1518010687333{padding-bottom: 30px !important;}&#8221; offset=&#8221;vc_col-lg-4 vc_col-md-6 vc_col-xs-12&#8243;]<div id=\"ultimate-heading-861369f2678918be1\" class=\"uvc-heading ult-adjust-bottom-margin ultimate-heading-861369f2678918be1 uvc-7477 accent-title-color dt-phone\" data-hspacer=\"no_spacer\"  data-halign=\"center\" style=\"text-align:center\"><div class=\"uvc-heading-spacer no_spacer\" style=\"top\"><\/div><div class=\"uvc-main-heading ult-responsive\"  data-ultimate-target='.uvc-heading.ultimate-heading-861369f2678918be1 h2'  data-responsive-json-new='{\"font-size\":\"desktop:20px;\",\"line-height\":\"desktop:30px;\"}' ><h2 style=\"font-weight:bold;\">Telephone<\/h2><\/div><div class=\"uvc-sub-heading ult-responsive\"  data-ultimate-target='.uvc-heading.ultimate-heading-861369f2678918be1 .uvc-sub-heading '  data-responsive-json-new='{\"font-size\":\"desktop:32px;mobile_landscape:24px;\",\"line-height\":\"desktop:42px;mobile_landscape:34px;\"}'  style=\"font-weight:bold;color:#333333;\"><i class=\"fas fa-mobile-alt\"><\/i>+90 532 680 23 53<\/div><\/div>[\/vc_column_inner][\/vc_row_inner][\/vc_column][\/vc_row]<\/p>\n<\/div>","protected":false},"excerpt":{"rendered":"<p>[vc_row equal_height=&#8221;yes&#8221; content_placement=&#8221;middle&#8221; margin_top=&#8221;5&#8243; margin_bottom=&#8221;10&#8243; type=&#8221;vc_default&#8221; css=&#8221;.vc_custom_1476026573339{padding-top: 70px !important;padding-bottom: 25px !important;}&#8221;][vc_column css_animation=&#8221;fadeInLeft&#8221; offset=&#8221;vc_col-lg-6 vc_col-md-6 vc_col-xs-12&#8243; css=&#8221;.vc_custom_1552381342416{padding-bottom: 50px !important;}&#8221;][vc_single_image image=&#8221;13461&#8243; img_size=&#8221;900&#215;600&#8243;][\/vc_column][vc_column css_animation=&#8221;fadeInRight&#8221; offset=&#8221;vc_col-lg-6 vc_col-md-6 vc_col-xs-12&#8243; css=&#8221;.vc_custom_1552381352384{padding-bottom: 50px !important;}&#8221;][vc_column_text css=&#8221;.vc_custom_1635033958685{padding-top: 30px !important;}&#8221;] Although digital communication is important, sometimes it cannot replace direct communication. This puts the marketing of the more traditional Call Centre Service in an important&hellip;<\/p>\n","protected":false},"author":1,"featured_media":0,"parent":0,"menu_order":0,"comment_status":"closed","ping_status":"closed","template":"","meta":{"footnotes":""},"class_list":["post-13620","page","type-page","status-publish","hentry","description-off"],"yoast_head":"<!-- This site is optimized with the Yoast SEO plugin v25.6 - https:\/\/yoast.com\/wordpress\/plugins\/seo\/ -->\n<title>\u00c7a\u011fr\u0131 Merkezi | Sosyal Profesyoneller<\/title>\n<meta name=\"description\" content=\"Sosyal Profesyoneller olarak y\u0131llar\u0131n verdi\u011fi tecr\u00fcbemizi kalitesini kan\u0131tlam\u0131\u015f \u00c7a\u011fr\u0131 Merkezi sistemleri ile birle\u015ftiriyoruz.\" \/>\n<meta name=\"robots\" content=\"index, follow, max-snippet:-1, max-image-preview:large, max-video-preview:-1\" \/>\n<link rel=\"canonical\" href=\"https:\/\/www.sosyalprofesyoneller.com\/en\/call-centre\/\" \/>\n<meta property=\"og:locale\" content=\"en_US\" \/>\n<meta property=\"og:type\" content=\"article\" \/>\n<meta property=\"og:title\" content=\"\u00c7a\u011fr\u0131 Merkezi | Sosyal Profesyoneller\" \/>\n<meta property=\"og:description\" content=\"Sosyal Profesyoneller olarak y\u0131llar\u0131n verdi\u011fi tecr\u00fcbemizi kalitesini kan\u0131tlam\u0131\u015f \u00c7a\u011fr\u0131 Merkezi sistemleri ile birle\u015ftiriyoruz.\" \/>\n<meta property=\"og:url\" content=\"https:\/\/www.sosyalprofesyoneller.com\/en\/call-centre\/\" \/>\n<meta property=\"og:site_name\" content=\"Sosyal Profesyoneller\" \/>\n<meta property=\"article:modified_time\" content=\"2021-10-31T15:03:20+00:00\" \/>\n<meta name=\"twitter:card\" content=\"summary_large_image\" \/>\n<meta name=\"twitter:label1\" content=\"Est. reading time\" \/>\n\t<meta name=\"twitter:data1\" content=\"3 minutes\" \/>\n<script type=\"application\/ld+json\" class=\"yoast-schema-graph\">{\"@context\":\"https:\/\/schema.org\",\"@graph\":[{\"@type\":\"WebPage\",\"@id\":\"https:\/\/www.sosyalprofesyoneller.com\/en\/call-centre\/\",\"url\":\"https:\/\/www.sosyalprofesyoneller.com\/en\/call-centre\/\",\"name\":\"\u00c7a\u011fr\u0131 Merkezi | Sosyal Profesyoneller\",\"isPartOf\":{\"@id\":\"https:\/\/www.sosyalprofesyoneller.com\/#website\"},\"datePublished\":\"2016-08-06T07:06:30+00:00\",\"dateModified\":\"2021-10-31T15:03:20+00:00\",\"description\":\"Sosyal Profesyoneller olarak y\u0131llar\u0131n verdi\u011fi tecr\u00fcbemizi kalitesini kan\u0131tlam\u0131\u015f \u00c7a\u011fr\u0131 Merkezi sistemleri ile birle\u015ftiriyoruz.\",\"breadcrumb\":{\"@id\":\"https:\/\/www.sosyalprofesyoneller.com\/en\/call-centre\/#breadcrumb\"},\"inLanguage\":\"en-US\",\"potentialAction\":[{\"@type\":\"ReadAction\",\"target\":[\"https:\/\/www.sosyalprofesyoneller.com\/en\/call-centre\/\"]}]},{\"@type\":\"BreadcrumbList\",\"@id\":\"https:\/\/www.sosyalprofesyoneller.com\/en\/call-centre\/#breadcrumb\",\"itemListElement\":[{\"@type\":\"ListItem\",\"position\":1,\"name\":\"Ana sayfa\",\"item\":\"https:\/\/www.sosyalprofesyoneller.com\/en\/\"},{\"@type\":\"ListItem\",\"position\":2,\"name\":\"Call Centre\"}]},{\"@type\":\"WebSite\",\"@id\":\"https:\/\/www.sosyalprofesyoneller.com\/#website\",\"url\":\"https:\/\/www.sosyalprofesyoneller.com\/\",\"name\":\"Sosyal Profesyoneller\",\"description\":\"Profesyonellere Ait \u0130tibar Y\u00f6netimi \u00c7\u00f6z\u00fcmleri\",\"potentialAction\":[{\"@type\":\"SearchAction\",\"target\":{\"@type\":\"EntryPoint\",\"urlTemplate\":\"https:\/\/www.sosyalprofesyoneller.com\/?s={search_term_string}\"},\"query-input\":{\"@type\":\"PropertyValueSpecification\",\"valueRequired\":true,\"valueName\":\"search_term_string\"}}],\"inLanguage\":\"en-US\"}]}<\/script>\n<!-- \/ Yoast SEO plugin. -->","yoast_head_json":{"title":"\u00c7a\u011fr\u0131 Merkezi | Sosyal Profesyoneller","description":"Sosyal Profesyoneller olarak y\u0131llar\u0131n verdi\u011fi tecr\u00fcbemizi kalitesini kan\u0131tlam\u0131\u015f \u00c7a\u011fr\u0131 Merkezi sistemleri ile birle\u015ftiriyoruz.","robots":{"index":"index","follow":"follow","max-snippet":"max-snippet:-1","max-image-preview":"max-image-preview:large","max-video-preview":"max-video-preview:-1"},"canonical":"https:\/\/www.sosyalprofesyoneller.com\/en\/call-centre\/","og_locale":"en_US","og_type":"article","og_title":"\u00c7a\u011fr\u0131 Merkezi | Sosyal Profesyoneller","og_description":"Sosyal Profesyoneller olarak y\u0131llar\u0131n verdi\u011fi tecr\u00fcbemizi kalitesini kan\u0131tlam\u0131\u015f \u00c7a\u011fr\u0131 Merkezi sistemleri ile birle\u015ftiriyoruz.","og_url":"https:\/\/www.sosyalprofesyoneller.com\/en\/call-centre\/","og_site_name":"Sosyal Profesyoneller","article_modified_time":"2021-10-31T15:03:20+00:00","twitter_card":"summary_large_image","twitter_misc":{"Est. reading time":"3 minutes"},"schema":{"@context":"https:\/\/schema.org","@graph":[{"@type":"WebPage","@id":"https:\/\/www.sosyalprofesyoneller.com\/en\/call-centre\/","url":"https:\/\/www.sosyalprofesyoneller.com\/en\/call-centre\/","name":"\u00c7a\u011fr\u0131 Merkezi | Sosyal Profesyoneller","isPartOf":{"@id":"https:\/\/www.sosyalprofesyoneller.com\/#website"},"datePublished":"2016-08-06T07:06:30+00:00","dateModified":"2021-10-31T15:03:20+00:00","description":"Sosyal Profesyoneller olarak y\u0131llar\u0131n verdi\u011fi tecr\u00fcbemizi kalitesini kan\u0131tlam\u0131\u015f \u00c7a\u011fr\u0131 Merkezi sistemleri ile birle\u015ftiriyoruz.","breadcrumb":{"@id":"https:\/\/www.sosyalprofesyoneller.com\/en\/call-centre\/#breadcrumb"},"inLanguage":"en-US","potentialAction":[{"@type":"ReadAction","target":["https:\/\/www.sosyalprofesyoneller.com\/en\/call-centre\/"]}]},{"@type":"BreadcrumbList","@id":"https:\/\/www.sosyalprofesyoneller.com\/en\/call-centre\/#breadcrumb","itemListElement":[{"@type":"ListItem","position":1,"name":"Ana sayfa","item":"https:\/\/www.sosyalprofesyoneller.com\/en\/"},{"@type":"ListItem","position":2,"name":"Call Centre"}]},{"@type":"WebSite","@id":"https:\/\/www.sosyalprofesyoneller.com\/#website","url":"https:\/\/www.sosyalprofesyoneller.com\/","name":"Sosyal Profesyoneller","description":"Profesyonellere Ait \u0130tibar Y\u00f6netimi \u00c7\u00f6z\u00fcmleri","potentialAction":[{"@type":"SearchAction","target":{"@type":"EntryPoint","urlTemplate":"https:\/\/www.sosyalprofesyoneller.com\/?s={search_term_string}"},"query-input":{"@type":"PropertyValueSpecification","valueRequired":true,"valueName":"search_term_string"}}],"inLanguage":"en-US"}]}},"_links":{"self":[{"href":"https:\/\/www.sosyalprofesyoneller.com\/en\/wp-json\/wp\/v2\/pages\/13620"}],"collection":[{"href":"https:\/\/www.sosyalprofesyoneller.com\/en\/wp-json\/wp\/v2\/pages"}],"about":[{"href":"https:\/\/www.sosyalprofesyoneller.com\/en\/wp-json\/wp\/v2\/types\/page"}],"author":[{"embeddable":true,"href":"https:\/\/www.sosyalprofesyoneller.com\/en\/wp-json\/wp\/v2\/users\/1"}],"replies":[{"embeddable":true,"href":"https:\/\/www.sosyalprofesyoneller.com\/en\/wp-json\/wp\/v2\/comments?post=13620"}],"version-history":[{"count":4,"href":"https:\/\/www.sosyalprofesyoneller.com\/en\/wp-json\/wp\/v2\/pages\/13620\/revisions"}],"predecessor-version":[{"id":13803,"href":"https:\/\/www.sosyalprofesyoneller.com\/en\/wp-json\/wp\/v2\/pages\/13620\/revisions\/13803"}],"wp:attachment":[{"href":"https:\/\/www.sosyalprofesyoneller.com\/en\/wp-json\/wp\/v2\/media?parent=13620"}],"curies":[{"name":"wp","href":"https:\/\/api.w.org\/{rel}","templated":true}]}}